{"id":3,"date":"2022-11-23T08:02:05","date_gmt":"2022-11-23T08:02:05","guid":{"rendered":"http:\/\/catedrainetum.ws.fi.upm.es\/?page_id=2"},"modified":"2025-06-25T17:32:13","modified_gmt":"2025-06-25T15:32:13","slug":"inicio","status":"publish","type":"page","link":"https:\/\/catedrainetum.ws.fi.upm.es\/","title":{"rendered":"C\u00e1tedra Inetum de Negocio TI y Digitalizaci\u00f3n"},"content":{"rendered":"\t\t<div data-elementor-type=\"wp-page\" data-elementor-id=\"3\" class=\"elementor elementor-3\">\n\t\t\t\t\t\t<section class=\"elementor-section elementor-top-section elementor-element elementor-element-554451df elementor-section-boxed elementor-section-height-default elementor-section-height-default\" data-id=\"554451df\" data-element_type=\"section\" data-e-type=\"section\">\n\t\t\t\t\t\t<div class=\"elementor-container elementor-column-gap-default\">\n\t\t\t\t\t<div class=\"elementor-column elementor-col-100 elementor-top-column elementor-element elementor-element-5e829b80\" data-id=\"5e829b80\" data-element_type=\"column\" data-e-type=\"column\">\n\t\t\t<div class=\"elementor-widget-wrap elementor-element-populated\">\n\t\t\t\t\t\t<div class=\"elementor-element elementor-element-57aa3210 elementor-widget elementor-widget-text-editor\" data-id=\"57aa3210\" data-element_type=\"widget\" data-e-type=\"widget\" data-widget_type=\"text-editor.default\">\n\t\t\t\t<div class=\"elementor-widget-container\">\n\t\t\t\t\t\t\t\t\t<p><figure class=\"aligncenter wp-block-post-featured-image\"><img fetchpriority=\"high\" decoding=\"async\" width=\"1500\" height=\"500\" src=\"https:\/\/catedrainetum.ws.fi.upm.es\/wp-content\/uploads\/sites\/23\/2024\/09\/MicrosoftTeams-image-2.jpg\" class=\"attachment-post-thumbnail size-post-thumbnail wp-post-image\" alt=\"\" style=\"object-fit:cover;\" srcset=\"https:\/\/catedrainetum.ws.fi.upm.es\/wp-content\/uploads\/sites\/23\/2024\/09\/MicrosoftTeams-image-2.jpg 1500w, https:\/\/catedrainetum.ws.fi.upm.es\/wp-content\/uploads\/sites\/23\/2024\/09\/MicrosoftTeams-image-2-300x100.jpg 300w, https:\/\/catedrainetum.ws.fi.upm.es\/wp-content\/uploads\/sites\/23\/2024\/09\/MicrosoftTeams-image-2-1024x341.jpg 1024w, https:\/\/catedrainetum.ws.fi.upm.es\/wp-content\/uploads\/sites\/23\/2024\/09\/MicrosoftTeams-image-2-768x256.jpg 768w\" sizes=\"(max-width: 1500px) 100vw, 1500px\" \/><\/figure><\/p>\n<p><\/p>\n<p><\/p>\n<p><\/p>\n<p>La C\u00e1tedra Inetum de Negocio TI y Digitalizaci\u00f3n, con su vocaci\u00f3n permanente de contacto con la Universidad Polit\u00e9cnica de Madrid (UPM) y su firme voluntad de implicaci\u00f3n en las actividades de formaci\u00f3n, generaci\u00f3n de conocimiento y promoci\u00f3n del talento, persigue cubrir la brecha existente entre formaci\u00f3n acad\u00e9mica y desarrollo de competencias profesionales.\u00a0\u00a0<\/p>\n<p><\/p>\n<p><\/p>\n<p>Con este prop\u00f3sito, a trav\u00e9s de la C\u00e1tedra Inetum se desarrollan, en la Escuela T\u00e9cnica Superior de Ingenieros Inform\u00e1ticos, programas, seminarios y conferencias espec\u00edficas que permiten a los alumnos acceder a las certificaciones profesionales m\u00e1s demandadas por las empresas tecnol\u00f3gicas (Agile, Cloud, Ciberseguridad, Desarrollo Java, Blockchain) a la vez que les permite conocer el desarrollo laboral de sus conocimientos.\u00a0<\/p>\n<p><\/p>\n<p><\/p>\n<h2 class=\"wp-block-heading has-text-align-left\">\u00c1mbitos prioritarios de actuaci\u00f3n<\/h2>\n<p><\/p>\n<p><\/p>\n<ul class=\"wp-block-list\">\n<li style=\"list-style-type: none\">\n<ul><\/ul>\n<\/li>\n<li><span style=\"color: var( --e-global-color-text )\">Dar a conocer a la empresa dentro de la Universidad, as\u00ed como sus capacidades tecnol\u00f3gicas y de innovaci\u00f3n.\u00a0<\/span><\/li>\n<\/ul>\n<p><\/p>\n<p><\/p>\n<ul>\n<li>Actividades de formaci\u00f3n y docencia, incluyendo jornadas y conferencias sobre temas que sean de inter\u00e9s mutuo.\u00a0<\/li>\n<\/ul>\n<p><\/p>\n<p><\/p>\n<ul>\n<li>Concesi\u00f3n de premios y distinciones al alumnado destacado.\u00a0<\/li>\n<\/ul>\n<p><\/p>\n<p><\/p>\n<ul>\n<li>Facilitar la realizaci\u00f3n de pr\u00e1cticas externas extracurriculares en Inetum y apoyo a la realizaci\u00f3n de Trabajos Fin de Grado o Trabajos Fin de M\u00e1ster.\u00a0<\/li>\n<\/ul>\n<p><\/p>\n<p><\/p>\n<ul>\n<li>Difusi\u00f3n de nuevas tecnolog\u00edas entre el estudiantado y divulgaci\u00f3n de la cultura cient\u00edfica y empresarial para facilitar la incorporaci\u00f3n laboral de j\u00f3venes titulados.\u00a0<\/li>\n<\/ul>\n<p><\/p>\n<p><\/p>\n<ul>\n<li>Promover en la Sociedad el uso de las tecnolog\u00edas en el marco de la sostenibilidad y responsabilidad social.\u00a0<\/li>\n<\/ul>\n<p><\/p>\n<p><\/p>\n<p><\/p>\n<blockquote class=\"wp-block-quote is-layout-flow wp-block-quote-is-layout-flow\">\n<p><\/p>\n<p>\u201cNuestro prop\u00f3sito es proporcionar formaci\u00f3n complementaria a los futuros ingenieros y canalizar sus inquietudes hacia un desarrollo laboral propicio\u201d.\u00a0<\/p>\n<p><\/p>\n<\/blockquote>\n<p><\/p>\n<p><\/p>\n<h2 class=\"wp-block-heading has-text-align-left\">D\u00f3nde estamos<\/h2>\n<p><\/p>\n<p><\/p>\n<p>La C\u00e1tedra Inetum de Negocio TI y Digitalizaci\u00f3n dispone de un espacio en el Campus de Montegancedo de la ETSIInf (<b>Bloque 3, planta 2, junto al aula 3202<\/b>), un foro para impulsar tanto el intercambio de conocimientos entre los propios alumnos de la Escuela como con expertos de la consultora tecnol\u00f3gica, que imparten talleres pr\u00e1cticos sobre las tecnolog\u00edas m\u00e1s demandadas en los perfiles profesionales.\u00a0\u00a0<\/p>\n<p><\/p>\n<p><\/p>\n<p><\/p>\t\t\t\t\t\t\t\t<\/div>\n\t\t\t\t<\/div>\n\t\t\t\t\t<\/div>\n\t\t<\/div>\n\t\t\t\t\t<\/div>\n\t\t<\/section>\n\t\t\t\t<section class=\"elementor-section elementor-top-section elementor-element elementor-element-57a7e0f elementor-section-boxed elementor-section-height-default elementor-section-height-default\" data-id=\"57a7e0f\" data-element_type=\"section\" data-e-type=\"section\">\n\t\t\t\t\t\t<div class=\"elementor-container elementor-column-gap-default\">\n\t\t\t\t\t<div class=\"elementor-column elementor-col-100 elementor-top-column elementor-element elementor-element-5d8c532\" data-id=\"5d8c532\" data-element_type=\"column\" data-e-type=\"column\">\n\t\t\t<div class=\"elementor-widget-wrap elementor-element-populated\">\n\t\t\t\t\t\t<div class=\"elementor-element elementor-element-25e3238 elementor-widget elementor-widget-google_maps\" data-id=\"25e3238\" data-element_type=\"widget\" data-e-type=\"widget\" data-widget_type=\"google_maps.default\">\n\t\t\t\t<div class=\"elementor-widget-container\">\n\t\t\t\t\t\t\t<div class=\"elementor-custom-embed\">\n\t\t\t<iframe loading=\"lazy\"\n\t\t\t\t\tsrc=\"https:\/\/maps.google.com\/maps?q=Universidad%20Polit%C3%A9cnica%20de%20Madrid%2C%20Av.%20de%20Montepr%C3%ADncipe%2C%2028223%20Madrid&#038;t=m&#038;z=15&#038;output=embed&#038;iwloc=near\"\n\t\t\t\t\ttitle=\"Universidad Polit\u00e9cnica de Madrid, Av. de Montepr\u00edncipe, 28223 Madrid\"\n\t\t\t\t\taria-label=\"Universidad Polit\u00e9cnica de Madrid, Av. de Montepr\u00edncipe, 28223 Madrid\"\n\t\t\t><\/iframe>\n\t\t<\/div>\n\t\t\t\t\t\t<\/div>\n\t\t\t\t<\/div>\n\t\t\t\t\t<\/div>\n\t\t<\/div>\n\t\t\t\t\t<\/div>\n\t\t<\/section>\n\t\t\t\t<\/div>\n\t\t","protected":false},"excerpt":{"rendered":"<p>La C\u00e1tedra Inetum de Negocio TI y Digitalizaci\u00f3n, con su vocaci\u00f3n permanente de contacto con la Universidad Polit\u00e9cnica de Madrid (UPM) y su firme voluntad&hellip;<\/p>\n","protected":false},"author":1,"featured_media":1055,"parent":0,"menu_order":0,"comment_status":"closed","ping_status":"open","template":"","meta":{"footnotes":""},"class_list":["post-3","page","type-page","status-publish","has-post-thumbnail","hentry"],"yoast_head":"<!-- This site is optimized with the Yoast SEO plugin v27.4 - https:\/\/yoast.com\/product\/yoast-seo-wordpress\/ -->\n<title>C\u00e1tedra Inetum de Negocio TI y Digitalizaci\u00f3n - UPM<\/title>\n<meta name=\"description\" content=\"En la C\u00e1tedra Inetum de la ETSII se desarrollan programas, seminarios y conferencias espec\u00edficas que permiten a los alumnos acceder a las certificaciones profesionales m\u00e1s demandadas por las empresas tecnol\u00f3gicas.\" \/>\n<meta name=\"robots\" content=\"index, follow, max-snippet:-1, max-image-preview:large, max-video-preview:-1\" \/>\n<link rel=\"canonical\" href=\"http:\/\/catedrainetum.ws.fi.upm.es\/\" \/>\n<meta property=\"og:locale\" content=\"es_ES\" \/>\n<meta property=\"og:type\" content=\"article\" \/>\n<meta property=\"og:title\" content=\"C\u00e1tedra Inetum de Negocio TI y Digitalizaci\u00f3n - UPM\" \/>\n<meta property=\"og:description\" content=\"En la C\u00e1tedra Inetum de la ETSII se desarrollan programas, seminarios y conferencias espec\u00edficas que permiten a los alumnos acceder a las certificaciones profesionales m\u00e1s demandadas por las empresas tecnol\u00f3gicas.\" \/>\n<meta property=\"og:url\" content=\"http:\/\/catedrainetum.ws.fi.upm.es\/\" \/>\n<meta property=\"og:site_name\" content=\"C\u00e1tedra Inetum\" \/>\n<meta property=\"article:modified_time\" content=\"2025-06-25T15:32:13+00:00\" \/>\n<meta property=\"og:image\" content=\"http:\/\/catedrainetum.ws.fi.upm.es\/wp-content\/uploads\/sites\/23\/2024\/09\/MicrosoftTeams-image-2.jpg\" \/>\n\t<meta property=\"og:image:width\" content=\"1500\" \/>\n\t<meta property=\"og:image:height\" content=\"500\" \/>\n\t<meta property=\"og:image:type\" content=\"image\/jpeg\" \/>\n<meta name=\"twitter:card\" content=\"summary_large_image\" \/>\n<meta name=\"twitter:label1\" content=\"Tiempo de lectura\" \/>\n\t<meta name=\"twitter:data1\" content=\"2 minutos\" \/>\n<script type=\"application\/ld+json\" class=\"yoast-schema-graph\">{\"@context\":\"https:\\\/\\\/schema.org\",\"@graph\":[{\"@type\":\"WebPage\",\"@id\":\"http:\\\/\\\/catedrainetum.ws.fi.upm.es\\\/\",\"url\":\"http:\\\/\\\/catedrainetum.ws.fi.upm.es\\\/\",\"name\":\"C\u00e1tedra Inetum de Negocio TI y Digitalizaci\u00f3n - UPM\",\"isPartOf\":{\"@id\":\"http:\\\/\\\/catedrainetum.ws.fi.upm.es\\\/#website\"},\"primaryImageOfPage\":{\"@id\":\"http:\\\/\\\/catedrainetum.ws.fi.upm.es\\\/#primaryimage\"},\"image\":{\"@id\":\"http:\\\/\\\/catedrainetum.ws.fi.upm.es\\\/#primaryimage\"},\"thumbnailUrl\":\"https:\\\/\\\/catedrainetum.ws.fi.upm.es\\\/wp-content\\\/uploads\\\/sites\\\/23\\\/2024\\\/09\\\/MicrosoftTeams-image-2.jpg\",\"datePublished\":\"2022-11-23T08:02:05+00:00\",\"dateModified\":\"2025-06-25T15:32:13+00:00\",\"description\":\"En la C\u00e1tedra Inetum de la ETSII se desarrollan programas, seminarios y conferencias espec\u00edficas que permiten a los alumnos acceder a las certificaciones profesionales m\u00e1s demandadas por las empresas tecnol\u00f3gicas.\",\"breadcrumb\":{\"@id\":\"http:\\\/\\\/catedrainetum.ws.fi.upm.es\\\/#breadcrumb\"},\"inLanguage\":\"es\",\"potentialAction\":[{\"@type\":\"ReadAction\",\"target\":[\"http:\\\/\\\/catedrainetum.ws.fi.upm.es\\\/\"]}]},{\"@type\":\"ImageObject\",\"inLanguage\":\"es\",\"@id\":\"http:\\\/\\\/catedrainetum.ws.fi.upm.es\\\/#primaryimage\",\"url\":\"https:\\\/\\\/catedrainetum.ws.fi.upm.es\\\/wp-content\\\/uploads\\\/sites\\\/23\\\/2024\\\/09\\\/MicrosoftTeams-image-2.jpg\",\"contentUrl\":\"https:\\\/\\\/catedrainetum.ws.fi.upm.es\\\/wp-content\\\/uploads\\\/sites\\\/23\\\/2024\\\/09\\\/MicrosoftTeams-image-2.jpg\",\"width\":1500,\"height\":500},{\"@type\":\"BreadcrumbList\",\"@id\":\"http:\\\/\\\/catedrainetum.ws.fi.upm.es\\\/#breadcrumb\",\"itemListElement\":[{\"@type\":\"ListItem\",\"position\":1,\"name\":\"Home\",\"item\":\"http:\\\/\\\/catedrainetum.ws.fi.upm.es\\\/\"},{\"@type\":\"ListItem\",\"position\":2,\"name\":\"C\u00e1tedra Inetum de Negocio TI y Digitalizaci\u00f3n\"}]},{\"@type\":\"WebSite\",\"@id\":\"http:\\\/\\\/catedrainetum.ws.fi.upm.es\\\/#website\",\"url\":\"http:\\\/\\\/catedrainetum.ws.fi.upm.es\\\/\",\"name\":\"C\u00e1tedra Inetum\",\"description\":\"C\u00e1tedra Inetum de Negocio TI y Digitalizaci\u00f3n\",\"publisher\":{\"@id\":\"http:\\\/\\\/catedrainetum.ws.fi.upm.es\\\/#organization\"},\"potentialAction\":[{\"@type\":\"SearchAction\",\"target\":{\"@type\":\"EntryPoint\",\"urlTemplate\":\"http:\\\/\\\/catedrainetum.ws.fi.upm.es\\\/?s={search_term_string}\"},\"query-input\":{\"@type\":\"PropertyValueSpecification\",\"valueRequired\":true,\"valueName\":\"search_term_string\"}}],\"inLanguage\":\"es\"},{\"@type\":\"Organization\",\"@id\":\"http:\\\/\\\/catedrainetum.ws.fi.upm.es\\\/#organization\",\"name\":\"C\u00e1tedra Inetum\",\"url\":\"http:\\\/\\\/catedrainetum.ws.fi.upm.es\\\/\",\"logo\":{\"@type\":\"ImageObject\",\"inLanguage\":\"es\",\"@id\":\"http:\\\/\\\/catedrainetum.ws.fi.upm.es\\\/#\\\/schema\\\/logo\\\/image\\\/\",\"url\":\"https:\\\/\\\/catedrainetum.ws.fi.upm.es\\\/wp-content\\\/uploads\\\/sites\\\/23\\\/2024\\\/09\\\/cropped-cropped-cropped-MicrosoftTeams-image-2023-01-11T141646.760-1.png\",\"contentUrl\":\"https:\\\/\\\/catedrainetum.ws.fi.upm.es\\\/wp-content\\\/uploads\\\/sites\\\/23\\\/2024\\\/09\\\/cropped-cropped-cropped-MicrosoftTeams-image-2023-01-11T141646.760-1.png\",\"width\":1241,\"height\":206,\"caption\":\"C\u00e1tedra Inetum\"},\"image\":{\"@id\":\"http:\\\/\\\/catedrainetum.ws.fi.upm.es\\\/#\\\/schema\\\/logo\\\/image\\\/\"}}]}<\/script>\n<!-- \/ Yoast SEO plugin. -->","yoast_head_json":{"title":"C\u00e1tedra Inetum de Negocio TI y Digitalizaci\u00f3n - UPM","description":"En la C\u00e1tedra Inetum de la ETSII se desarrollan programas, seminarios y conferencias espec\u00edficas que permiten a los alumnos acceder a las certificaciones profesionales m\u00e1s demandadas por las empresas tecnol\u00f3gicas.","robots":{"index":"index","follow":"follow","max-snippet":"max-snippet:-1","max-image-preview":"max-image-preview:large","max-video-preview":"max-video-preview:-1"},"canonical":"http:\/\/catedrainetum.ws.fi.upm.es\/","og_locale":"es_ES","og_type":"article","og_title":"C\u00e1tedra Inetum de Negocio TI y Digitalizaci\u00f3n - UPM","og_description":"En la C\u00e1tedra Inetum de la ETSII se desarrollan programas, seminarios y conferencias espec\u00edficas que permiten a los alumnos acceder a las certificaciones profesionales m\u00e1s demandadas por las empresas tecnol\u00f3gicas.","og_url":"http:\/\/catedrainetum.ws.fi.upm.es\/","og_site_name":"C\u00e1tedra Inetum","article_modified_time":"2025-06-25T15:32:13+00:00","og_image":[{"width":1500,"height":500,"url":"http:\/\/catedrainetum.ws.fi.upm.es\/wp-content\/uploads\/sites\/23\/2024\/09\/MicrosoftTeams-image-2.jpg","type":"image\/jpeg"}],"twitter_card":"summary_large_image","twitter_misc":{"Tiempo de lectura":"2 minutos"},"schema":{"@context":"https:\/\/schema.org","@graph":[{"@type":"WebPage","@id":"http:\/\/catedrainetum.ws.fi.upm.es\/","url":"http:\/\/catedrainetum.ws.fi.upm.es\/","name":"C\u00e1tedra Inetum de Negocio TI y Digitalizaci\u00f3n - UPM","isPartOf":{"@id":"http:\/\/catedrainetum.ws.fi.upm.es\/#website"},"primaryImageOfPage":{"@id":"http:\/\/catedrainetum.ws.fi.upm.es\/#primaryimage"},"image":{"@id":"http:\/\/catedrainetum.ws.fi.upm.es\/#primaryimage"},"thumbnailUrl":"https:\/\/catedrainetum.ws.fi.upm.es\/wp-content\/uploads\/sites\/23\/2024\/09\/MicrosoftTeams-image-2.jpg","datePublished":"2022-11-23T08:02:05+00:00","dateModified":"2025-06-25T15:32:13+00:00","description":"En la C\u00e1tedra Inetum de la ETSII se desarrollan programas, seminarios y conferencias espec\u00edficas que permiten a los alumnos acceder a las certificaciones profesionales m\u00e1s demandadas por las empresas tecnol\u00f3gicas.","breadcrumb":{"@id":"http:\/\/catedrainetum.ws.fi.upm.es\/#breadcrumb"},"inLanguage":"es","potentialAction":[{"@type":"ReadAction","target":["http:\/\/catedrainetum.ws.fi.upm.es\/"]}]},{"@type":"ImageObject","inLanguage":"es","@id":"http:\/\/catedrainetum.ws.fi.upm.es\/#primaryimage","url":"https:\/\/catedrainetum.ws.fi.upm.es\/wp-content\/uploads\/sites\/23\/2024\/09\/MicrosoftTeams-image-2.jpg","contentUrl":"https:\/\/catedrainetum.ws.fi.upm.es\/wp-content\/uploads\/sites\/23\/2024\/09\/MicrosoftTeams-image-2.jpg","width":1500,"height":500},{"@type":"BreadcrumbList","@id":"http:\/\/catedrainetum.ws.fi.upm.es\/#breadcrumb","itemListElement":[{"@type":"ListItem","position":1,"name":"Home","item":"http:\/\/catedrainetum.ws.fi.upm.es\/"},{"@type":"ListItem","position":2,"name":"C\u00e1tedra Inetum de Negocio TI y Digitalizaci\u00f3n"}]},{"@type":"WebSite","@id":"http:\/\/catedrainetum.ws.fi.upm.es\/#website","url":"http:\/\/catedrainetum.ws.fi.upm.es\/","name":"C\u00e1tedra Inetum","description":"C\u00e1tedra Inetum de Negocio TI y Digitalizaci\u00f3n","publisher":{"@id":"http:\/\/catedrainetum.ws.fi.upm.es\/#organization"},"potentialAction":[{"@type":"SearchAction","target":{"@type":"EntryPoint","urlTemplate":"http:\/\/catedrainetum.ws.fi.upm.es\/?s={search_term_string}"},"query-input":{"@type":"PropertyValueSpecification","valueRequired":true,"valueName":"search_term_string"}}],"inLanguage":"es"},{"@type":"Organization","@id":"http:\/\/catedrainetum.ws.fi.upm.es\/#organization","name":"C\u00e1tedra Inetum","url":"http:\/\/catedrainetum.ws.fi.upm.es\/","logo":{"@type":"ImageObject","inLanguage":"es","@id":"http:\/\/catedrainetum.ws.fi.upm.es\/#\/schema\/logo\/image\/","url":"https:\/\/catedrainetum.ws.fi.upm.es\/wp-content\/uploads\/sites\/23\/2024\/09\/cropped-cropped-cropped-MicrosoftTeams-image-2023-01-11T141646.760-1.png","contentUrl":"https:\/\/catedrainetum.ws.fi.upm.es\/wp-content\/uploads\/sites\/23\/2024\/09\/cropped-cropped-cropped-MicrosoftTeams-image-2023-01-11T141646.760-1.png","width":1241,"height":206,"caption":"C\u00e1tedra Inetum"},"image":{"@id":"http:\/\/catedrainetum.ws.fi.upm.es\/#\/schema\/logo\/image\/"}}]}},"_links":{"self":[{"href":"https:\/\/catedrainetum.ws.fi.upm.es\/index.php?rest_route=\/wp\/v2\/pages\/3","targetHints":{"allow":["GET"]}}],"collection":[{"href":"https:\/\/catedrainetum.ws.fi.upm.es\/index.php?rest_route=\/wp\/v2\/pages"}],"about":[{"href":"https:\/\/catedrainetum.ws.fi.upm.es\/index.php?rest_route=\/wp\/v2\/types\/page"}],"author":[{"embeddable":true,"href":"https:\/\/catedrainetum.ws.fi.upm.es\/index.php?rest_route=\/wp\/v2\/users\/1"}],"replies":[{"embeddable":true,"href":"https:\/\/catedrainetum.ws.fi.upm.es\/index.php?rest_route=%2Fwp%2Fv2%2Fcomments&post=3"}],"version-history":[{"count":66,"href":"https:\/\/catedrainetum.ws.fi.upm.es\/index.php?rest_route=\/wp\/v2\/pages\/3\/revisions"}],"predecessor-version":[{"id":1215,"href":"https:\/\/catedrainetum.ws.fi.upm.es\/index.php?rest_route=\/wp\/v2\/pages\/3\/revisions\/1215"}],"wp:featuredmedia":[{"embeddable":true,"href":"https:\/\/catedrainetum.ws.fi.upm.es\/index.php?rest_route=\/wp\/v2\/media\/1055"}],"wp:attachment":[{"href":"https:\/\/catedrainetum.ws.fi.upm.es\/index.php?rest_route=%2Fwp%2Fv2%2Fmedia&parent=3"}],"curies":[{"name":"wp","href":"https:\/\/api.w.org\/{rel}","templated":true}]}}