{"id":283,"date":"2023-05-18T09:57:47","date_gmt":"2023-05-18T07:57:47","guid":{"rendered":"https:\/\/catedrainetum.ws.fi.upm.es\/?page_id=283"},"modified":"2023-06-06T09:45:50","modified_gmt":"2023-06-06T07:45:50","slug":"contacto","status":"publish","type":"page","link":"https:\/\/catedrainetum.ws.fi.upm.es\/?page_id=283","title":{"rendered":"Contacto"},"content":{"rendered":"\n<div class=\"wp-block-contact-form-7-contact-form-selector\">\n<div class=\"wpcf7 no-js\" id=\"wpcf7-f277-o1\" lang=\"es-ES\" dir=\"ltr\" data-wpcf7-id=\"277\">\n<div class=\"screen-reader-response\"><p role=\"status\" aria-live=\"polite\" aria-atomic=\"true\"><\/p> <ul><\/ul><\/div>\n<form action=\"\/index.php?rest_route=%2Fwp%2Fv2%2Fpages%2F283#wpcf7-f277-o1\" method=\"post\" class=\"wpcf7-form init\" aria-label=\"Formulario de contacto\" novalidate=\"novalidate\" data-status=\"init\">\n<fieldset class=\"hidden-fields-container\"><input type=\"hidden\" name=\"_wpcf7\" value=\"277\" \/><input type=\"hidden\" name=\"_wpcf7_version\" value=\"6.1.5\" \/><input type=\"hidden\" name=\"_wpcf7_locale\" value=\"es_ES\" \/><input type=\"hidden\" name=\"_wpcf7_unit_tag\" value=\"wpcf7-f277-o1\" \/><input type=\"hidden\" name=\"_wpcf7_container_post\" value=\"0\" \/><input type=\"hidden\" name=\"_wpcf7_posted_data_hash\" value=\"\" \/>\n<\/fieldset>\n<p><label> Tu nombre<br \/>\n<span class=\"wpcf7-form-control-wrap\" data-name=\"your-name\"><input size=\"40\" maxlength=\"400\" class=\"wpcf7-form-control wpcf7-text wpcf7-validates-as-required\" autocomplete=\"name\" aria-required=\"true\" aria-invalid=\"false\" value=\"\" type=\"text\" name=\"your-name\" \/><\/span> <\/label>\n<\/p>\n<p><label> Tu correo electr\u00f3nico<br \/>\n<span class=\"wpcf7-form-control-wrap\" data-name=\"your-email\"><input size=\"40\" maxlength=\"400\" class=\"wpcf7-form-control wpcf7-email wpcf7-validates-as-required wpcf7-text wpcf7-validates-as-email\" autocomplete=\"email\" aria-required=\"true\" aria-invalid=\"false\" value=\"\" type=\"email\" name=\"your-email\" \/><\/span> <\/label>\n<\/p>\n<p><label> Asunto<br \/>\n<span class=\"wpcf7-form-control-wrap\" data-name=\"your-subject\"><input size=\"40\" maxlength=\"400\" class=\"wpcf7-form-control wpcf7-text wpcf7-validates-as-required\" aria-required=\"true\" aria-invalid=\"false\" value=\"\" type=\"text\" name=\"your-subject\" \/><\/span> <\/label>\n<\/p>\n<p><label> Tu mensaje (opcional)<br \/>\n<span class=\"wpcf7-form-control-wrap\" data-name=\"your-message\"><textarea cols=\"40\" rows=\"10\" maxlength=\"2000\" class=\"wpcf7-form-control wpcf7-textarea\" aria-invalid=\"false\" name=\"your-message\"><\/textarea><\/span> <\/label>\n<\/p>\n<p><input class=\"wpcf7-form-control wpcf7-submit has-spinner\" type=\"submit\" value=\"Enviar\" \/>\n<\/p><div class=\"wpcf7-response-output\" aria-hidden=\"true\"><\/div>\n<\/form>\n<\/div>\n<\/div>\n","protected":false},"excerpt":{"rendered":"","protected":false},"author":23,"featured_media":0,"parent":0,"menu_order":0,"comment_status":"closed","ping_status":"closed","template":"","meta":{"footnotes":""},"class_list":["post-283","page","type-page","status-publish","hentry"],"yoast_head":"<!-- This site is optimized with the Yoast SEO plugin v27.4 - https:\/\/yoast.com\/product\/yoast-seo-wordpress\/ -->\n<title>Contacto - C\u00e1tedra Inetum<\/title>\n<meta name=\"robots\" content=\"noindex, follow\" \/>\n<meta property=\"og:locale\" content=\"es_ES\" \/>\n<meta property=\"og:type\" content=\"article\" \/>\n<meta property=\"og:title\" content=\"Contacto - C\u00e1tedra Inetum\" \/>\n<meta property=\"og:url\" content=\"http:\/\/catedrainetum.ws.fi.upm.es\/?page_id=283\" \/>\n<meta property=\"og:site_name\" content=\"C\u00e1tedra Inetum\" \/>\n<meta property=\"article:modified_time\" content=\"2023-06-06T07:45:50+00:00\" \/>\n<meta name=\"twitter:card\" content=\"summary_large_image\" \/>\n<meta name=\"twitter:label1\" content=\"Tiempo de lectura\" \/>\n\t<meta name=\"twitter:data1\" content=\"1 minuto\" \/>\n<script type=\"application\/ld+json\" class=\"yoast-schema-graph\">{\"@context\":\"https:\\\/\\\/schema.org\",\"@graph\":[{\"@type\":\"WebPage\",\"@id\":\"http:\\\/\\\/catedrainetum.ws.fi.upm.es\\\/?page_id=283\",\"url\":\"http:\\\/\\\/catedrainetum.ws.fi.upm.es\\\/?page_id=283\",\"name\":\"Contacto - C\u00e1tedra Inetum\",\"isPartOf\":{\"@id\":\"http:\\\/\\\/catedrainetum.ws.fi.upm.es\\\/#website\"},\"datePublished\":\"2023-05-18T07:57:47+00:00\",\"dateModified\":\"2023-06-06T07:45:50+00:00\",\"breadcrumb\":{\"@id\":\"http:\\\/\\\/catedrainetum.ws.fi.upm.es\\\/?page_id=283#breadcrumb\"},\"inLanguage\":\"es\",\"potentialAction\":[{\"@type\":\"ReadAction\",\"target\":[\"http:\\\/\\\/catedrainetum.ws.fi.upm.es\\\/?page_id=283\"]}]},{\"@type\":\"BreadcrumbList\",\"@id\":\"http:\\\/\\\/catedrainetum.ws.fi.upm.es\\\/?page_id=283#breadcrumb\",\"itemListElement\":[{\"@type\":\"ListItem\",\"position\":1,\"name\":\"Home\",\"item\":\"http:\\\/\\\/catedrainetum.ws.fi.upm.es\\\/\"},{\"@type\":\"ListItem\",\"position\":2,\"name\":\"Contacto\"}]},{\"@type\":\"WebSite\",\"@id\":\"http:\\\/\\\/catedrainetum.ws.fi.upm.es\\\/#website\",\"url\":\"http:\\\/\\\/catedrainetum.ws.fi.upm.es\\\/\",\"name\":\"C\u00e1tedra Inetum\",\"description\":\"C\u00e1tedra Inetum de Negocio TI y Digitalizaci\u00f3n\",\"publisher\":{\"@id\":\"http:\\\/\\\/catedrainetum.ws.fi.upm.es\\\/#organization\"},\"potentialAction\":[{\"@type\":\"SearchAction\",\"target\":{\"@type\":\"EntryPoint\",\"urlTemplate\":\"http:\\\/\\\/catedrainetum.ws.fi.upm.es\\\/?s={search_term_string}\"},\"query-input\":{\"@type\":\"PropertyValueSpecification\",\"valueRequired\":true,\"valueName\":\"search_term_string\"}}],\"inLanguage\":\"es\"},{\"@type\":\"Organization\",\"@id\":\"http:\\\/\\\/catedrainetum.ws.fi.upm.es\\\/#organization\",\"name\":\"C\u00e1tedra Inetum\",\"url\":\"http:\\\/\\\/catedrainetum.ws.fi.upm.es\\\/\",\"logo\":{\"@type\":\"ImageObject\",\"inLanguage\":\"es\",\"@id\":\"http:\\\/\\\/catedrainetum.ws.fi.upm.es\\\/#\\\/schema\\\/logo\\\/image\\\/\",\"url\":\"https:\\\/\\\/catedrainetum.ws.fi.upm.es\\\/wp-content\\\/uploads\\\/sites\\\/23\\\/2024\\\/09\\\/cropped-cropped-cropped-MicrosoftTeams-image-2023-01-11T141646.760-1.png\",\"contentUrl\":\"https:\\\/\\\/catedrainetum.ws.fi.upm.es\\\/wp-content\\\/uploads\\\/sites\\\/23\\\/2024\\\/09\\\/cropped-cropped-cropped-MicrosoftTeams-image-2023-01-11T141646.760-1.png\",\"width\":1241,\"height\":206,\"caption\":\"C\u00e1tedra Inetum\"},\"image\":{\"@id\":\"http:\\\/\\\/catedrainetum.ws.fi.upm.es\\\/#\\\/schema\\\/logo\\\/image\\\/\"}}]}<\/script>\n<!-- \/ Yoast SEO plugin. -->","yoast_head_json":{"title":"Contacto - C\u00e1tedra Inetum","robots":{"index":"noindex","follow":"follow"},"og_locale":"es_ES","og_type":"article","og_title":"Contacto - C\u00e1tedra Inetum","og_url":"http:\/\/catedrainetum.ws.fi.upm.es\/?page_id=283","og_site_name":"C\u00e1tedra Inetum","article_modified_time":"2023-06-06T07:45:50+00:00","twitter_card":"summary_large_image","twitter_misc":{"Tiempo de lectura":"1 minuto"},"schema":{"@context":"https:\/\/schema.org","@graph":[{"@type":"WebPage","@id":"http:\/\/catedrainetum.ws.fi.upm.es\/?page_id=283","url":"http:\/\/catedrainetum.ws.fi.upm.es\/?page_id=283","name":"Contacto - C\u00e1tedra Inetum","isPartOf":{"@id":"http:\/\/catedrainetum.ws.fi.upm.es\/#website"},"datePublished":"2023-05-18T07:57:47+00:00","dateModified":"2023-06-06T07:45:50+00:00","breadcrumb":{"@id":"http:\/\/catedrainetum.ws.fi.upm.es\/?page_id=283#breadcrumb"},"inLanguage":"es","potentialAction":[{"@type":"ReadAction","target":["http:\/\/catedrainetum.ws.fi.upm.es\/?page_id=283"]}]},{"@type":"BreadcrumbList","@id":"http:\/\/catedrainetum.ws.fi.upm.es\/?page_id=283#breadcrumb","itemListElement":[{"@type":"ListItem","position":1,"name":"Home","item":"http:\/\/catedrainetum.ws.fi.upm.es\/"},{"@type":"ListItem","position":2,"name":"Contacto"}]},{"@type":"WebSite","@id":"http:\/\/catedrainetum.ws.fi.upm.es\/#website","url":"http:\/\/catedrainetum.ws.fi.upm.es\/","name":"C\u00e1tedra Inetum","description":"C\u00e1tedra Inetum de Negocio TI y Digitalizaci\u00f3n","publisher":{"@id":"http:\/\/catedrainetum.ws.fi.upm.es\/#organization"},"potentialAction":[{"@type":"SearchAction","target":{"@type":"EntryPoint","urlTemplate":"http:\/\/catedrainetum.ws.fi.upm.es\/?s={search_term_string}"},"query-input":{"@type":"PropertyValueSpecification","valueRequired":true,"valueName":"search_term_string"}}],"inLanguage":"es"},{"@type":"Organization","@id":"http:\/\/catedrainetum.ws.fi.upm.es\/#organization","name":"C\u00e1tedra Inetum","url":"http:\/\/catedrainetum.ws.fi.upm.es\/","logo":{"@type":"ImageObject","inLanguage":"es","@id":"http:\/\/catedrainetum.ws.fi.upm.es\/#\/schema\/logo\/image\/","url":"https:\/\/catedrainetum.ws.fi.upm.es\/wp-content\/uploads\/sites\/23\/2024\/09\/cropped-cropped-cropped-MicrosoftTeams-image-2023-01-11T141646.760-1.png","contentUrl":"https:\/\/catedrainetum.ws.fi.upm.es\/wp-content\/uploads\/sites\/23\/2024\/09\/cropped-cropped-cropped-MicrosoftTeams-image-2023-01-11T141646.760-1.png","width":1241,"height":206,"caption":"C\u00e1tedra Inetum"},"image":{"@id":"http:\/\/catedrainetum.ws.fi.upm.es\/#\/schema\/logo\/image\/"}}]}},"_links":{"self":[{"href":"https:\/\/catedrainetum.ws.fi.upm.es\/index.php?rest_route=\/wp\/v2\/pages\/283","targetHints":{"allow":["GET"]}}],"collection":[{"href":"https:\/\/catedrainetum.ws.fi.upm.es\/index.php?rest_route=\/wp\/v2\/pages"}],"about":[{"href":"https:\/\/catedrainetum.ws.fi.upm.es\/index.php?rest_route=\/wp\/v2\/types\/page"}],"author":[{"embeddable":true,"href":"https:\/\/catedrainetum.ws.fi.upm.es\/index.php?rest_route=\/wp\/v2\/users\/23"}],"replies":[{"embeddable":true,"href":"https:\/\/catedrainetum.ws.fi.upm.es\/index.php?rest_route=%2Fwp%2Fv2%2Fcomments&post=283"}],"version-history":[{"count":1,"href":"https:\/\/catedrainetum.ws.fi.upm.es\/index.php?rest_route=\/wp\/v2\/pages\/283\/revisions"}],"predecessor-version":[{"id":287,"href":"https:\/\/catedrainetum.ws.fi.upm.es\/index.php?rest_route=\/wp\/v2\/pages\/283\/revisions\/287"}],"wp:attachment":[{"href":"https:\/\/catedrainetum.ws.fi.upm.es\/index.php?rest_route=%2Fwp%2Fv2%2Fmedia&parent=283"}],"curies":[{"name":"wp","href":"https:\/\/api.w.org\/{rel}","templated":true}]}}