{"id":1247,"date":"2025-11-03T21:37:54","date_gmt":"2025-11-03T20:37:54","guid":{"rendered":"https:\/\/catedrainetum.ws.fi.upm.es\/?page_id=1247"},"modified":"2025-11-24T18:10:02","modified_gmt":"2025-11-24T17:10:02","slug":"edicion-2025","status":"publish","type":"page","link":"https:\/\/catedrainetum.ws.fi.upm.es\/?page_id=1247","title":{"rendered":"EDICI\u00d3N 2025"},"content":{"rendered":"<h2 class=\"wp-block-post-title\">EDICI\u00d3N 2025<\/h2>\n\n\n<p><\/p>\n\n\n\n<p>Anunciamos el fallo del jurado de los&nbsp;<strong>Premios C\u00e1tedra Inetum 2025<\/strong>&nbsp;para trabajos de Fin de Grado (TFG) y Fin de M\u00e1ster (TFM), convocados para todo el&nbsp;alumnado con un TFG o TFM presentado y superado durante el curso acad\u00e9mico 2024-25 en cualquiera de los estudios de la&nbsp;<strong>Universidad Polit\u00e9cnica de Madrid<\/strong>&nbsp;y relacionado con el \u00e1mbito de las Tecnolog\u00edas de la Informaci\u00f3n:<\/p>\n\n\n\n<p><\/p>\n\n\n\n<div class=\"wp-block-columns is-layout-flex wp-container-core-columns-is-layout-9d6595d7 wp-block-columns-is-layout-flex\">\n<div class=\"wp-block-column is-layout-flow wp-block-column-is-layout-flow\">\n<p class=\"has-text-align-center\"><strong>Mejor TFM<\/strong>:&nbsp;<\/p>\n\n\n\n<p class=\"has-text-align-center\"><strong>NAIARA AGUIRRE VIDAL<\/strong><\/p>\n\n\n\n<p>Alumno de la\u00a0Escuela T\u00e9cnica Superior de Ingenier\u00eda de Sistemas Inform\u00e1ticos (ETSISI) por su trabajo \u00abDesarrollo de un gemelo digital para el ajuste de control de navegaci\u00f3n de un robot diferencial\u00bb.\u00a0<\/p>\n<\/div>\n\n\n\n<div class=\"wp-block-column is-layout-flow wp-block-column-is-layout-flow\">\n<p class=\"has-text-align-center\"><strong>Mejor TFG<\/strong>:&nbsp;<\/p>\n\n\n\n<p class=\"has-text-align-center\"><strong>CRISTINA MARTIN NIETO<\/strong><\/p>\n\n\n\n<p>Alumno de la&nbsp;Escuela T\u00e9cnica Superior de Ingenieros de Telecomunicaci\u00f3n (ETSIT) por su trabajo \u00abDesign and Development of a Knowledge-Graph based System to Enhance Large Language Models in Retrieval-Augmented Generation Scenarios\u00bb<br><\/p>\n<\/div>\n<\/div>\n\n\n\n<p><\/p>\n\n\n\n<p>Cada uno de los premios tiene una&nbsp;<strong>dotaci\u00f3n econ\u00f3mica<\/strong>&nbsp;de 1.200 euros y un&nbsp;<strong>diploma acreditativo<\/strong>&nbsp;que recibir\u00e1n los ganadores en una ceremonia solemne que ser\u00e1 oportunamente anunciada.&nbsp;<br><\/p>\n\n\n\n<p>El jurado ha valorado especialmente la excelente calidad de los trabajos recibidos y especialmente en los dos proyectos ganadores la innovaci\u00f3n tecnol\u00f3gica planteada, la vinculaci\u00f3n de los trabajos con el entorno socioecon\u00f3mico y la originalidad y creatividad de los mismos.&nbsp;<\/p>\n\n\n\n<p><\/p>\n\n\n\n<p class=\"has-text-align-center\"><strong><em>Enhorabuena a los ganadores y muchas gracias a todos por vuestra participaci\u00f3n.<\/em><\/strong><br>&nbsp;<\/p>\n\n\n\n<figure class=\"wp-block-table\"><table><tbody><tr><td><strong>C\u00e1tedra Inetum en Negocio TI y Digitalizaci\u00f3n<\/strong><\/td><\/tr><\/tbody><\/table><\/figure>\n","protected":false},"excerpt":{"rendered":"<p>Anunciamos el fallo del jurado de los&nbsp;Premios C\u00e1tedra Inetum 2025&nbsp;para trabajos de Fin de Grado (TFG) y Fin de M\u00e1ster (TFM), convocados para todo el&nbsp;alumnado&hellip;<\/p>\n","protected":false},"author":23,"featured_media":0,"parent":0,"menu_order":0,"comment_status":"closed","ping_status":"closed","template":"","meta":{"footnotes":""},"class_list":["post-1247","page","type-page","status-publish","hentry"],"yoast_head":"<!-- This site is optimized with the Yoast SEO plugin v27.4 - https:\/\/yoast.com\/product\/yoast-seo-wordpress\/ -->\n<title>EDICI\u00d3N 2025 - C\u00e1tedra Inetum<\/title>\n<meta name=\"robots\" content=\"index, follow, max-snippet:-1, max-image-preview:large, max-video-preview:-1\" \/>\n<link rel=\"canonical\" href=\"http:\/\/catedrainetum.ws.fi.upm.es\/?page_id=1247\" \/>\n<meta property=\"og:locale\" content=\"es_ES\" \/>\n<meta property=\"og:type\" content=\"article\" \/>\n<meta property=\"og:title\" content=\"EDICI\u00d3N 2025 - C\u00e1tedra Inetum\" \/>\n<meta property=\"og:description\" content=\"Anunciamos el fallo del jurado de los&nbsp;Premios C\u00e1tedra Inetum 2025&nbsp;para trabajos de Fin de Grado (TFG) y Fin de M\u00e1ster (TFM), convocados para todo el&nbsp;alumnado&hellip;\" \/>\n<meta property=\"og:url\" content=\"http:\/\/catedrainetum.ws.fi.upm.es\/?page_id=1247\" \/>\n<meta property=\"og:site_name\" content=\"C\u00e1tedra Inetum\" \/>\n<meta property=\"article:modified_time\" content=\"2025-11-24T17:10:02+00:00\" \/>\n<meta name=\"twitter:card\" content=\"summary_large_image\" \/>\n<meta name=\"twitter:label1\" content=\"Tiempo de lectura\" \/>\n\t<meta name=\"twitter:data1\" content=\"2 minutos\" \/>\n<script type=\"application\/ld+json\" class=\"yoast-schema-graph\">{\"@context\":\"https:\\\/\\\/schema.org\",\"@graph\":[{\"@type\":\"WebPage\",\"@id\":\"http:\\\/\\\/catedrainetum.ws.fi.upm.es\\\/?page_id=1247\",\"url\":\"http:\\\/\\\/catedrainetum.ws.fi.upm.es\\\/?page_id=1247\",\"name\":\"EDICI\u00d3N 2025 - C\u00e1tedra Inetum\",\"isPartOf\":{\"@id\":\"http:\\\/\\\/catedrainetum.ws.fi.upm.es\\\/#website\"},\"datePublished\":\"2025-11-03T20:37:54+00:00\",\"dateModified\":\"2025-11-24T17:10:02+00:00\",\"breadcrumb\":{\"@id\":\"http:\\\/\\\/catedrainetum.ws.fi.upm.es\\\/?page_id=1247#breadcrumb\"},\"inLanguage\":\"es\",\"potentialAction\":[{\"@type\":\"ReadAction\",\"target\":[\"http:\\\/\\\/catedrainetum.ws.fi.upm.es\\\/?page_id=1247\"]}]},{\"@type\":\"BreadcrumbList\",\"@id\":\"http:\\\/\\\/catedrainetum.ws.fi.upm.es\\\/?page_id=1247#breadcrumb\",\"itemListElement\":[{\"@type\":\"ListItem\",\"position\":1,\"name\":\"Home\",\"item\":\"http:\\\/\\\/catedrainetum.ws.fi.upm.es\\\/\"},{\"@type\":\"ListItem\",\"position\":2,\"name\":\"EDICI\u00d3N 2025\"}]},{\"@type\":\"WebSite\",\"@id\":\"http:\\\/\\\/catedrainetum.ws.fi.upm.es\\\/#website\",\"url\":\"http:\\\/\\\/catedrainetum.ws.fi.upm.es\\\/\",\"name\":\"C\u00e1tedra Inetum\",\"description\":\"C\u00e1tedra Inetum de Negocio TI y Digitalizaci\u00f3n\",\"publisher\":{\"@id\":\"http:\\\/\\\/catedrainetum.ws.fi.upm.es\\\/#organization\"},\"potentialAction\":[{\"@type\":\"SearchAction\",\"target\":{\"@type\":\"EntryPoint\",\"urlTemplate\":\"http:\\\/\\\/catedrainetum.ws.fi.upm.es\\\/?s={search_term_string}\"},\"query-input\":{\"@type\":\"PropertyValueSpecification\",\"valueRequired\":true,\"valueName\":\"search_term_string\"}}],\"inLanguage\":\"es\"},{\"@type\":\"Organization\",\"@id\":\"http:\\\/\\\/catedrainetum.ws.fi.upm.es\\\/#organization\",\"name\":\"C\u00e1tedra Inetum\",\"url\":\"http:\\\/\\\/catedrainetum.ws.fi.upm.es\\\/\",\"logo\":{\"@type\":\"ImageObject\",\"inLanguage\":\"es\",\"@id\":\"http:\\\/\\\/catedrainetum.ws.fi.upm.es\\\/#\\\/schema\\\/logo\\\/image\\\/\",\"url\":\"https:\\\/\\\/catedrainetum.ws.fi.upm.es\\\/wp-content\\\/uploads\\\/sites\\\/23\\\/2024\\\/09\\\/cropped-cropped-cropped-MicrosoftTeams-image-2023-01-11T141646.760-1.png\",\"contentUrl\":\"https:\\\/\\\/catedrainetum.ws.fi.upm.es\\\/wp-content\\\/uploads\\\/sites\\\/23\\\/2024\\\/09\\\/cropped-cropped-cropped-MicrosoftTeams-image-2023-01-11T141646.760-1.png\",\"width\":1241,\"height\":206,\"caption\":\"C\u00e1tedra Inetum\"},\"image\":{\"@id\":\"http:\\\/\\\/catedrainetum.ws.fi.upm.es\\\/#\\\/schema\\\/logo\\\/image\\\/\"}}]}<\/script>\n<!-- \/ Yoast SEO plugin. -->","yoast_head_json":{"title":"EDICI\u00d3N 2025 - C\u00e1tedra Inetum","robots":{"index":"index","follow":"follow","max-snippet":"max-snippet:-1","max-image-preview":"max-image-preview:large","max-video-preview":"max-video-preview:-1"},"canonical":"http:\/\/catedrainetum.ws.fi.upm.es\/?page_id=1247","og_locale":"es_ES","og_type":"article","og_title":"EDICI\u00d3N 2025 - C\u00e1tedra Inetum","og_description":"Anunciamos el fallo del jurado de los&nbsp;Premios C\u00e1tedra Inetum 2025&nbsp;para trabajos de Fin de Grado (TFG) y Fin de M\u00e1ster (TFM), convocados para todo el&nbsp;alumnado&hellip;","og_url":"http:\/\/catedrainetum.ws.fi.upm.es\/?page_id=1247","og_site_name":"C\u00e1tedra Inetum","article_modified_time":"2025-11-24T17:10:02+00:00","twitter_card":"summary_large_image","twitter_misc":{"Tiempo de lectura":"2 minutos"},"schema":{"@context":"https:\/\/schema.org","@graph":[{"@type":"WebPage","@id":"http:\/\/catedrainetum.ws.fi.upm.es\/?page_id=1247","url":"http:\/\/catedrainetum.ws.fi.upm.es\/?page_id=1247","name":"EDICI\u00d3N 2025 - C\u00e1tedra Inetum","isPartOf":{"@id":"http:\/\/catedrainetum.ws.fi.upm.es\/#website"},"datePublished":"2025-11-03T20:37:54+00:00","dateModified":"2025-11-24T17:10:02+00:00","breadcrumb":{"@id":"http:\/\/catedrainetum.ws.fi.upm.es\/?page_id=1247#breadcrumb"},"inLanguage":"es","potentialAction":[{"@type":"ReadAction","target":["http:\/\/catedrainetum.ws.fi.upm.es\/?page_id=1247"]}]},{"@type":"BreadcrumbList","@id":"http:\/\/catedrainetum.ws.fi.upm.es\/?page_id=1247#breadcrumb","itemListElement":[{"@type":"ListItem","position":1,"name":"Home","item":"http:\/\/catedrainetum.ws.fi.upm.es\/"},{"@type":"ListItem","position":2,"name":"EDICI\u00d3N 2025"}]},{"@type":"WebSite","@id":"http:\/\/catedrainetum.ws.fi.upm.es\/#website","url":"http:\/\/catedrainetum.ws.fi.upm.es\/","name":"C\u00e1tedra Inetum","description":"C\u00e1tedra Inetum de Negocio TI y Digitalizaci\u00f3n","publisher":{"@id":"http:\/\/catedrainetum.ws.fi.upm.es\/#organization"},"potentialAction":[{"@type":"SearchAction","target":{"@type":"EntryPoint","urlTemplate":"http:\/\/catedrainetum.ws.fi.upm.es\/?s={search_term_string}"},"query-input":{"@type":"PropertyValueSpecification","valueRequired":true,"valueName":"search_term_string"}}],"inLanguage":"es"},{"@type":"Organization","@id":"http:\/\/catedrainetum.ws.fi.upm.es\/#organization","name":"C\u00e1tedra Inetum","url":"http:\/\/catedrainetum.ws.fi.upm.es\/","logo":{"@type":"ImageObject","inLanguage":"es","@id":"http:\/\/catedrainetum.ws.fi.upm.es\/#\/schema\/logo\/image\/","url":"https:\/\/catedrainetum.ws.fi.upm.es\/wp-content\/uploads\/sites\/23\/2024\/09\/cropped-cropped-cropped-MicrosoftTeams-image-2023-01-11T141646.760-1.png","contentUrl":"https:\/\/catedrainetum.ws.fi.upm.es\/wp-content\/uploads\/sites\/23\/2024\/09\/cropped-cropped-cropped-MicrosoftTeams-image-2023-01-11T141646.760-1.png","width":1241,"height":206,"caption":"C\u00e1tedra Inetum"},"image":{"@id":"http:\/\/catedrainetum.ws.fi.upm.es\/#\/schema\/logo\/image\/"}}]}},"_links":{"self":[{"href":"https:\/\/catedrainetum.ws.fi.upm.es\/index.php?rest_route=\/wp\/v2\/pages\/1247","targetHints":{"allow":["GET"]}}],"collection":[{"href":"https:\/\/catedrainetum.ws.fi.upm.es\/index.php?rest_route=\/wp\/v2\/pages"}],"about":[{"href":"https:\/\/catedrainetum.ws.fi.upm.es\/index.php?rest_route=\/wp\/v2\/types\/page"}],"author":[{"embeddable":true,"href":"https:\/\/catedrainetum.ws.fi.upm.es\/index.php?rest_route=\/wp\/v2\/users\/23"}],"replies":[{"embeddable":true,"href":"https:\/\/catedrainetum.ws.fi.upm.es\/index.php?rest_route=%2Fwp%2Fv2%2Fcomments&post=1247"}],"version-history":[{"count":2,"href":"https:\/\/catedrainetum.ws.fi.upm.es\/index.php?rest_route=\/wp\/v2\/pages\/1247\/revisions"}],"predecessor-version":[{"id":1263,"href":"https:\/\/catedrainetum.ws.fi.upm.es\/index.php?rest_route=\/wp\/v2\/pages\/1247\/revisions\/1263"}],"wp:attachment":[{"href":"https:\/\/catedrainetum.ws.fi.upm.es\/index.php?rest_route=%2Fwp%2Fv2%2Fmedia&parent=1247"}],"curies":[{"name":"wp","href":"https:\/\/api.w.org\/{rel}","templated":true}]}}