{"id":1193,"date":"2025-06-25T17:25:48","date_gmt":"2025-06-25T15:25:48","guid":{"rendered":"https:\/\/catedrainetum.ws.fi.upm.es\/?page_id=1193"},"modified":"2025-11-04T12:04:12","modified_gmt":"2025-11-04T11:04:12","slug":"premios-catedra-inetum-2025","status":"publish","type":"page","link":"https:\/\/catedrainetum.ws.fi.upm.es\/?page_id=1193","title":{"rendered":"EDICI\u00d3N 2025"},"content":{"rendered":"\n<h2 class=\"wp-block-heading\">Premios C\u00e1tedra Inetum<\/h2>\n\n\n\n<h3 class=\"wp-block-heading\">dotados con 1.200\u20ac PARA EL MEJOR TFG Y 1.200\u20ac PARA EL MEJOr TFM<\/h3>\n\n\n\n<p>La <strong>C\u00e1tedra Inetum en Negocio TI y Digitalizaci\u00f3n<\/strong> convoca los <strong>Premios C\u00e1tedra Inetum 2025<\/strong> para trabajos de fin de grado (TFG) y fin de m\u00e1ster (TFM) en cualquier disciplina acad\u00e9mica de la <strong>Universidad Polit\u00e9cnica de Madrid<\/strong> que tenga relaci\u00f3n con el \u00e1mbito de las Tecnolog\u00edas de la Informaci\u00f3n, con el objetivo de fomentar e incentivar la<strong> innovaci\u00f3n tecnol\u00f3gica en el \u00e1mbito de la universidad<\/strong>, premiando el esfuerzo del alumnado de la Universidad Polit\u00e9cnica de Madrid.<\/p>\n\n\n\n<p>Si quieres presentar tu TFG \/ TFM, accede al formulario a trav\u00e9s de este enlace: <strong><a href=\"https:\/\/forms.office.com\/e\/zg40ZUeWVp?origin=lprLink\">presentaci\u00f3n de candidaturas 2025<\/a><\/strong><\/p>\n\n\n\n<div style=\"height:16px\" aria-hidden=\"true\" class=\"wp-block-spacer\"><\/div>\n\n\n\n<div class=\"wp-block-buttons is-content-justification-center is-layout-flex wp-container-core-buttons-is-layout-16018d1d wp-block-buttons-is-layout-flex\">\n<div class=\"wp-block-button\"><a class=\"wp-block-button__link wp-element-button\" href=\"http:\/\/catedrainetum.ws.fi.upm.es\/wp-content\/uploads\/sites\/23\/2025\/06\/Bases-de-la-Convocatoria-de-los-III-Premios-Catedra-INETUM-2024-25.pdf\">Bases de la convocatoria 2025<\/a><\/div>\n\n\n\n<div class=\"wp-block-button\"><a class=\"wp-block-button__link wp-element-button\" href=\"https:\/\/forms.office.com\/e\/zg40ZUeWVp?origin=lprLink\">Presentaci\u00f3n de candidaturas 2025<\/a><\/div>\n<\/div>\n\n\n\n<p><\/p>\n","protected":false},"excerpt":{"rendered":"<p>La C\u00e1tedra INETUM convoca los \u201cPremios C\u00e1tedra INETUM 2023\u201d para TFG y TFM en cualquier disciplina acad\u00e9mica del \u00e1mbito de las TI.<\/p>\n","protected":false},"author":23,"featured_media":0,"parent":0,"menu_order":0,"comment_status":"closed","ping_status":"closed","template":"","meta":{"footnotes":""},"class_list":["post-1193","page","type-page","status-publish","hentry"],"yoast_head":"<!-- This site is optimized with the Yoast SEO plugin v27.4 - https:\/\/yoast.com\/product\/yoast-seo-wordpress\/ -->\n<title>EDICI\u00d3N 2025<\/title>\n<meta name=\"description\" content=\"La C\u00e1tedra INETUM convoca los \u201cPremios C\u00e1tedra INETUM 2023\u201d para TFG y TFM en cualquier disciplina acad\u00e9mica del \u00e1mbito de las TI.\" \/>\n<meta name=\"robots\" content=\"index, follow, max-snippet:-1, max-image-preview:large, max-video-preview:-1\" \/>\n<link rel=\"canonical\" href=\"http:\/\/catedrainetum.ws.fi.upm.es\/?page_id=1193\" \/>\n<meta property=\"og:locale\" content=\"es_ES\" \/>\n<meta property=\"og:type\" content=\"article\" \/>\n<meta property=\"og:title\" content=\"EDICI\u00d3N 2025\" \/>\n<meta property=\"og:description\" content=\"La C\u00e1tedra INETUM convoca los \u201cPremios C\u00e1tedra INETUM 2023\u201d para TFG y TFM en cualquier disciplina acad\u00e9mica del \u00e1mbito de las TI.\" \/>\n<meta property=\"og:url\" content=\"http:\/\/catedrainetum.ws.fi.upm.es\/?page_id=1193\" \/>\n<meta property=\"og:site_name\" content=\"C\u00e1tedra Inetum\" \/>\n<meta property=\"article:modified_time\" content=\"2025-11-04T11:04:12+00:00\" \/>\n<meta name=\"twitter:card\" content=\"summary_large_image\" \/>\n<meta name=\"twitter:label1\" content=\"Tiempo de lectura\" \/>\n\t<meta name=\"twitter:data1\" content=\"1 minuto\" \/>\n<script type=\"application\/ld+json\" class=\"yoast-schema-graph\">{\"@context\":\"https:\\\/\\\/schema.org\",\"@graph\":[{\"@type\":[\"Article\",\"Report\"],\"@id\":\"http:\\\/\\\/catedrainetum.ws.fi.upm.es\\\/?page_id=1193#article\",\"isPartOf\":{\"@id\":\"http:\\\/\\\/catedrainetum.ws.fi.upm.es\\\/?page_id=1193\"},\"author\":{\"name\":\"wsinetum\",\"@id\":\"http:\\\/\\\/catedrainetum.ws.fi.upm.es\\\/#\\\/schema\\\/person\\\/e141674b3d65b228a3e9a3adc3c4ca0b\"},\"headline\":\"EDICI\u00d3N 2025\",\"datePublished\":\"2025-06-25T15:25:48+00:00\",\"dateModified\":\"2025-11-04T11:04:12+00:00\",\"mainEntityOfPage\":{\"@id\":\"http:\\\/\\\/catedrainetum.ws.fi.upm.es\\\/?page_id=1193\"},\"wordCount\":130,\"publisher\":{\"@id\":\"http:\\\/\\\/catedrainetum.ws.fi.upm.es\\\/#organization\"},\"inLanguage\":\"es\"},{\"@type\":\"WebPage\",\"@id\":\"http:\\\/\\\/catedrainetum.ws.fi.upm.es\\\/?page_id=1193\",\"url\":\"http:\\\/\\\/catedrainetum.ws.fi.upm.es\\\/?page_id=1193\",\"name\":\"EDICI\u00d3N 2025\",\"isPartOf\":{\"@id\":\"http:\\\/\\\/catedrainetum.ws.fi.upm.es\\\/#website\"},\"datePublished\":\"2025-06-25T15:25:48+00:00\",\"dateModified\":\"2025-11-04T11:04:12+00:00\",\"description\":\"La C\u00e1tedra INETUM convoca los \u201cPremios C\u00e1tedra INETUM 2023\u201d para TFG y TFM en cualquier disciplina acad\u00e9mica del \u00e1mbito de las TI.\",\"breadcrumb\":{\"@id\":\"http:\\\/\\\/catedrainetum.ws.fi.upm.es\\\/?page_id=1193#breadcrumb\"},\"inLanguage\":\"es\",\"potentialAction\":[{\"@type\":\"ReadAction\",\"target\":[\"http:\\\/\\\/catedrainetum.ws.fi.upm.es\\\/?page_id=1193\"]}]},{\"@type\":\"BreadcrumbList\",\"@id\":\"http:\\\/\\\/catedrainetum.ws.fi.upm.es\\\/?page_id=1193#breadcrumb\",\"itemListElement\":[{\"@type\":\"ListItem\",\"position\":1,\"name\":\"Home\",\"item\":\"http:\\\/\\\/catedrainetum.ws.fi.upm.es\\\/\"},{\"@type\":\"ListItem\",\"position\":2,\"name\":\"EDICI\u00d3N 2025\"}]},{\"@type\":\"WebSite\",\"@id\":\"http:\\\/\\\/catedrainetum.ws.fi.upm.es\\\/#website\",\"url\":\"http:\\\/\\\/catedrainetum.ws.fi.upm.es\\\/\",\"name\":\"C\u00e1tedra Inetum\",\"description\":\"C\u00e1tedra Inetum de Negocio TI y Digitalizaci\u00f3n\",\"publisher\":{\"@id\":\"http:\\\/\\\/catedrainetum.ws.fi.upm.es\\\/#organization\"},\"potentialAction\":[{\"@type\":\"SearchAction\",\"target\":{\"@type\":\"EntryPoint\",\"urlTemplate\":\"http:\\\/\\\/catedrainetum.ws.fi.upm.es\\\/?s={search_term_string}\"},\"query-input\":{\"@type\":\"PropertyValueSpecification\",\"valueRequired\":true,\"valueName\":\"search_term_string\"}}],\"inLanguage\":\"es\"},{\"@type\":\"Organization\",\"@id\":\"http:\\\/\\\/catedrainetum.ws.fi.upm.es\\\/#organization\",\"name\":\"C\u00e1tedra Inetum\",\"url\":\"http:\\\/\\\/catedrainetum.ws.fi.upm.es\\\/\",\"logo\":{\"@type\":\"ImageObject\",\"inLanguage\":\"es\",\"@id\":\"http:\\\/\\\/catedrainetum.ws.fi.upm.es\\\/#\\\/schema\\\/logo\\\/image\\\/\",\"url\":\"https:\\\/\\\/catedrainetum.ws.fi.upm.es\\\/wp-content\\\/uploads\\\/sites\\\/23\\\/2024\\\/09\\\/cropped-cropped-cropped-MicrosoftTeams-image-2023-01-11T141646.760-1.png\",\"contentUrl\":\"https:\\\/\\\/catedrainetum.ws.fi.upm.es\\\/wp-content\\\/uploads\\\/sites\\\/23\\\/2024\\\/09\\\/cropped-cropped-cropped-MicrosoftTeams-image-2023-01-11T141646.760-1.png\",\"width\":1241,\"height\":206,\"caption\":\"C\u00e1tedra Inetum\"},\"image\":{\"@id\":\"http:\\\/\\\/catedrainetum.ws.fi.upm.es\\\/#\\\/schema\\\/logo\\\/image\\\/\"}},{\"@type\":\"Person\",\"@id\":\"http:\\\/\\\/catedrainetum.ws.fi.upm.es\\\/#\\\/schema\\\/person\\\/e141674b3d65b228a3e9a3adc3c4ca0b\",\"name\":\"wsinetum\",\"image\":{\"@type\":\"ImageObject\",\"inLanguage\":\"es\",\"@id\":\"https:\\\/\\\/secure.gravatar.com\\\/avatar\\\/bf4df97c8af797c7014bae6d7486545600d6cd0b779bb0b78038a5401b88659e?s=96&d=mm&r=g\",\"url\":\"https:\\\/\\\/secure.gravatar.com\\\/avatar\\\/bf4df97c8af797c7014bae6d7486545600d6cd0b779bb0b78038a5401b88659e?s=96&d=mm&r=g\",\"contentUrl\":\"https:\\\/\\\/secure.gravatar.com\\\/avatar\\\/bf4df97c8af797c7014bae6d7486545600d6cd0b779bb0b78038a5401b88659e?s=96&d=mm&r=g\",\"caption\":\"wsinetum\"},\"url\":\"https:\\\/\\\/catedrainetum.ws.fi.upm.es\\\/?author=23\"}]}<\/script>\n<!-- \/ Yoast SEO plugin. -->","yoast_head_json":{"title":"EDICI\u00d3N 2025","description":"La C\u00e1tedra INETUM convoca los \u201cPremios C\u00e1tedra INETUM 2023\u201d para TFG y TFM en cualquier disciplina acad\u00e9mica del \u00e1mbito de las TI.","robots":{"index":"index","follow":"follow","max-snippet":"max-snippet:-1","max-image-preview":"max-image-preview:large","max-video-preview":"max-video-preview:-1"},"canonical":"http:\/\/catedrainetum.ws.fi.upm.es\/?page_id=1193","og_locale":"es_ES","og_type":"article","og_title":"EDICI\u00d3N 2025","og_description":"La C\u00e1tedra INETUM convoca los \u201cPremios C\u00e1tedra INETUM 2023\u201d para TFG y TFM en cualquier disciplina acad\u00e9mica del \u00e1mbito de las TI.","og_url":"http:\/\/catedrainetum.ws.fi.upm.es\/?page_id=1193","og_site_name":"C\u00e1tedra Inetum","article_modified_time":"2025-11-04T11:04:12+00:00","twitter_card":"summary_large_image","twitter_misc":{"Tiempo de lectura":"1 minuto"},"schema":{"@context":"https:\/\/schema.org","@graph":[{"@type":["Article","Report"],"@id":"http:\/\/catedrainetum.ws.fi.upm.es\/?page_id=1193#article","isPartOf":{"@id":"http:\/\/catedrainetum.ws.fi.upm.es\/?page_id=1193"},"author":{"name":"wsinetum","@id":"http:\/\/catedrainetum.ws.fi.upm.es\/#\/schema\/person\/e141674b3d65b228a3e9a3adc3c4ca0b"},"headline":"EDICI\u00d3N 2025","datePublished":"2025-06-25T15:25:48+00:00","dateModified":"2025-11-04T11:04:12+00:00","mainEntityOfPage":{"@id":"http:\/\/catedrainetum.ws.fi.upm.es\/?page_id=1193"},"wordCount":130,"publisher":{"@id":"http:\/\/catedrainetum.ws.fi.upm.es\/#organization"},"inLanguage":"es"},{"@type":"WebPage","@id":"http:\/\/catedrainetum.ws.fi.upm.es\/?page_id=1193","url":"http:\/\/catedrainetum.ws.fi.upm.es\/?page_id=1193","name":"EDICI\u00d3N 2025","isPartOf":{"@id":"http:\/\/catedrainetum.ws.fi.upm.es\/#website"},"datePublished":"2025-06-25T15:25:48+00:00","dateModified":"2025-11-04T11:04:12+00:00","description":"La C\u00e1tedra INETUM convoca los \u201cPremios C\u00e1tedra INETUM 2023\u201d para TFG y TFM en cualquier disciplina acad\u00e9mica del \u00e1mbito de las TI.","breadcrumb":{"@id":"http:\/\/catedrainetum.ws.fi.upm.es\/?page_id=1193#breadcrumb"},"inLanguage":"es","potentialAction":[{"@type":"ReadAction","target":["http:\/\/catedrainetum.ws.fi.upm.es\/?page_id=1193"]}]},{"@type":"BreadcrumbList","@id":"http:\/\/catedrainetum.ws.fi.upm.es\/?page_id=1193#breadcrumb","itemListElement":[{"@type":"ListItem","position":1,"name":"Home","item":"http:\/\/catedrainetum.ws.fi.upm.es\/"},{"@type":"ListItem","position":2,"name":"EDICI\u00d3N 2025"}]},{"@type":"WebSite","@id":"http:\/\/catedrainetum.ws.fi.upm.es\/#website","url":"http:\/\/catedrainetum.ws.fi.upm.es\/","name":"C\u00e1tedra Inetum","description":"C\u00e1tedra Inetum de Negocio TI y Digitalizaci\u00f3n","publisher":{"@id":"http:\/\/catedrainetum.ws.fi.upm.es\/#organization"},"potentialAction":[{"@type":"SearchAction","target":{"@type":"EntryPoint","urlTemplate":"http:\/\/catedrainetum.ws.fi.upm.es\/?s={search_term_string}"},"query-input":{"@type":"PropertyValueSpecification","valueRequired":true,"valueName":"search_term_string"}}],"inLanguage":"es"},{"@type":"Organization","@id":"http:\/\/catedrainetum.ws.fi.upm.es\/#organization","name":"C\u00e1tedra Inetum","url":"http:\/\/catedrainetum.ws.fi.upm.es\/","logo":{"@type":"ImageObject","inLanguage":"es","@id":"http:\/\/catedrainetum.ws.fi.upm.es\/#\/schema\/logo\/image\/","url":"https:\/\/catedrainetum.ws.fi.upm.es\/wp-content\/uploads\/sites\/23\/2024\/09\/cropped-cropped-cropped-MicrosoftTeams-image-2023-01-11T141646.760-1.png","contentUrl":"https:\/\/catedrainetum.ws.fi.upm.es\/wp-content\/uploads\/sites\/23\/2024\/09\/cropped-cropped-cropped-MicrosoftTeams-image-2023-01-11T141646.760-1.png","width":1241,"height":206,"caption":"C\u00e1tedra Inetum"},"image":{"@id":"http:\/\/catedrainetum.ws.fi.upm.es\/#\/schema\/logo\/image\/"}},{"@type":"Person","@id":"http:\/\/catedrainetum.ws.fi.upm.es\/#\/schema\/person\/e141674b3d65b228a3e9a3adc3c4ca0b","name":"wsinetum","image":{"@type":"ImageObject","inLanguage":"es","@id":"https:\/\/secure.gravatar.com\/avatar\/bf4df97c8af797c7014bae6d7486545600d6cd0b779bb0b78038a5401b88659e?s=96&d=mm&r=g","url":"https:\/\/secure.gravatar.com\/avatar\/bf4df97c8af797c7014bae6d7486545600d6cd0b779bb0b78038a5401b88659e?s=96&d=mm&r=g","contentUrl":"https:\/\/secure.gravatar.com\/avatar\/bf4df97c8af797c7014bae6d7486545600d6cd0b779bb0b78038a5401b88659e?s=96&d=mm&r=g","caption":"wsinetum"},"url":"https:\/\/catedrainetum.ws.fi.upm.es\/?author=23"}]}},"_links":{"self":[{"href":"https:\/\/catedrainetum.ws.fi.upm.es\/index.php?rest_route=\/wp\/v2\/pages\/1193","targetHints":{"allow":["GET"]}}],"collection":[{"href":"https:\/\/catedrainetum.ws.fi.upm.es\/index.php?rest_route=\/wp\/v2\/pages"}],"about":[{"href":"https:\/\/catedrainetum.ws.fi.upm.es\/index.php?rest_route=\/wp\/v2\/types\/page"}],"author":[{"embeddable":true,"href":"https:\/\/catedrainetum.ws.fi.upm.es\/index.php?rest_route=\/wp\/v2\/users\/23"}],"replies":[{"embeddable":true,"href":"https:\/\/catedrainetum.ws.fi.upm.es\/index.php?rest_route=%2Fwp%2Fv2%2Fcomments&post=1193"}],"version-history":[{"count":4,"href":"https:\/\/catedrainetum.ws.fi.upm.es\/index.php?rest_route=\/wp\/v2\/pages\/1193\/revisions"}],"predecessor-version":[{"id":1219,"href":"https:\/\/catedrainetum.ws.fi.upm.es\/index.php?rest_route=\/wp\/v2\/pages\/1193\/revisions\/1219"}],"wp:attachment":[{"href":"https:\/\/catedrainetum.ws.fi.upm.es\/index.php?rest_route=%2Fwp%2Fv2%2Fmedia&parent=1193"}],"curies":[{"name":"wp","href":"https:\/\/api.w.org\/{rel}","templated":true}]}}